{"id":125,"date":"2024-10-04T11:35:59","date_gmt":"2024-10-04T09:35:59","guid":{"rendered":"https:\/\/agdnaprawa.pl\/?page_id=125"},"modified":"2024-10-14T22:41:28","modified_gmt":"2024-10-14T20:41:28","slug":"jestesmy-autoryzowanym-serwisem-marek","status":"publish","type":"page","link":"https:\/\/agdnaprawa.pl\/index.php\/jestesmy-autoryzowanym-serwisem-marek\/","title":{"rendered":"Jeste\u015bmy autoryzowanym serwisem marek:"},"content":{"rendered":"\n<p><\/p>\n\n\n\n<ul class=\"wp-block-list\">\n<li class=\"has-large-font-size\">Electrolux<\/li>\n\n\n\n<li class=\"has-large-font-size\">AEG<\/li>\n\n\n\n<li class=\"has-large-font-size\">Zanussi<\/li>\n\n\n\n<li class=\"has-large-font-size\">Beko<\/li>\n\n\n\n<li class=\"has-large-font-size\">Haier<\/li>\n\n\n\n<li class=\"has-large-font-size\">Hoover<\/li>\n\n\n\n<li class=\"has-large-font-size\">Candy<\/li>\n\n\n\n<li class=\"has-large-font-size\">Grundig<\/li>\n<\/ul>\n\n\n\n<div class=\"wp-block-buttons is-layout-flex wp-block-buttons-is-layout-flex\">\n<div class=\"wp-block-button\"><a class=\"wp-block-button__link wp-element-button\" href=\"http:\/\/agdnaprawa.pl\">Powr\u00f3t na Stron\u0119 G\u0142\u00f3wn\u0105<\/a><\/div>\n<\/div>\n\n\n\n<p><\/p>\n","protected":false},"excerpt":{"rendered":"","protected":false},"author":1,"featured_media":0,"parent":0,"menu_order":0,"comment_status":"closed","ping_status":"closed","template":"","meta":{"footnotes":""},"class_list":["post-125","page","type-page","status-publish","hentry"],"_links":{"self":[{"href":"https:\/\/agdnaprawa.pl\/index.php\/wp-json\/wp\/v2\/pages\/125","targetHints":{"allow":["GET"]}}],"collection":[{"href":"https:\/\/agdnaprawa.pl\/index.php\/wp-json\/wp\/v2\/pages"}],"about":[{"href":"https:\/\/agdnaprawa.pl\/index.php\/wp-json\/wp\/v2\/types\/page"}],"author":[{"embeddable":true,"href":"https:\/\/agdnaprawa.pl\/index.php\/wp-json\/wp\/v2\/users\/1"}],"replies":[{"embeddable":true,"href":"https:\/\/agdnaprawa.pl\/index.php\/wp-json\/wp\/v2\/comments?post=125"}],"version-history":[{"count":3,"href":"https:\/\/agdnaprawa.pl\/index.php\/wp-json\/wp\/v2\/pages\/125\/revisions"}],"predecessor-version":[{"id":146,"href":"https:\/\/agdnaprawa.pl\/index.php\/wp-json\/wp\/v2\/pages\/125\/revisions\/146"}],"wp:attachment":[{"href":"https:\/\/agdnaprawa.pl\/index.php\/wp-json\/wp\/v2\/media?parent=125"}],"curies":[{"name":"wp","href":"https:\/\/api.w.org\/{rel}","templated":true}]}}