{"id":123,"date":"2024-10-04T11:01:02","date_gmt":"2024-10-04T09:01:02","guid":{"rendered":"https:\/\/agdnaprawa.pl\/?page_id=123"},"modified":"2024-10-04T11:01:02","modified_gmt":"2024-10-04T09:01:02","slug":"jak-transportowac-lodowke","status":"publish","type":"page","link":"https:\/\/agdnaprawa.pl\/index.php\/jak-transportowac-lodowke\/","title":{"rendered":"Jak transportowa\u0107 lod\u00f3wk\u0119?"},"content":{"rendered":"\n<p>Przewo\u017cenie sprz\u0119t\u00f3w AGD, takich jak lod\u00f3wka, mo\u017ce by\u0107 wyzwaniem, ale czasem jest to nieuniknione \u2013 zar\u00f3wno przy przeprowadzce, jak i sprzeda\u017cy czy remoncie mieszkania. Aby lod\u00f3wka dotar\u0142a na miejsce w nienaruszonym stanie, warto pami\u0119ta\u0107 o kilku wa\u017cnych zasadach. Oto praktyczne wskaz\u00f3wki dotycz\u0105ce bezpiecznego transportu lod\u00f3wki.<\/p>\n\n\n\n<h3 class=\"wp-block-heading\">Nowa lod\u00f3wka \u2013 transport i przygotowanie<\/h3>\n\n\n\n<p>Je\u015bli masz now\u0105 lod\u00f3wk\u0119, zazwyczaj za transport odpowiada sklep, w kt\u00f3rym dokonano zakupu. Twoim zadaniem b\u0119dzie jej prawid\u0142owe rozpakowanie i pod\u0142\u0105czenie. Wa\u017cne, aby po przywiezieniu lod\u00f3wki odczeka\u0107 kilka godzin przed pierwszym uruchomieniem, pozwalaj\u0105c jej ustabilizowa\u0107 si\u0119 w pozycji pionowej. W zimniejszych miesi\u0105cach warto odczeka\u0107, a\u017c lod\u00f3wka osi\u0105gnie temperatur\u0119 pokojow\u0105, zanim zamontujesz wewn\u0119trzne elementy, takie jak p\u00f3\u0142ki czy balkoniki, poniewa\u017c zimny plastik mo\u017ce \u0142atwo p\u0119kn\u0105\u0107.<\/p>\n\n\n\n<p>Przed pod\u0142\u0105czeniem lod\u00f3wki, nale\u017cy ustawi\u0107 j\u0105 na r\u00f3wnym i stabilnym pod\u0142o\u017cu, z dala od \u017ar\u00f3de\u0142 ciep\u0142a, takich jak grzejniki. Nale\u017cy r\u00f3wnie\u017c wypoziomowa\u0107 n\u00f3\u017cki urz\u0105dzenia i dok\u0142adnie wyczy\u015bci\u0107 wn\u0119trze przed jego u\u017cytkowaniem. Szczeg\u00f3\u0142owe informacje na temat instalacji i obs\u0142ugi znajdziesz w instrukcji producenta.<\/p>\n\n\n\n<h3 class=\"wp-block-heading\">Transport u\u017cywanej lod\u00f3wki<\/h3>\n\n\n\n<p>W przypadku przewo\u017cenia u\u017cywanej lod\u00f3wki nale\u017cy podj\u0105\u0107 wi\u0119cej krok\u00f3w, aby unikn\u0105\u0107 uszkodze\u0144. Przede wszystkim trzeba opr\u00f3\u017cni\u0107 lod\u00f3wk\u0119 z wszystkich produkt\u00f3w, zw\u0142aszcza z zamra\u017carki, a jedzenie najlepiej przechowa\u0107 w torbach termoizolacyjnych lub z wk\u0142adami ch\u0142odz\u0105cymi. Nast\u0119pnie nale\u017cy od\u0142\u0105czy\u0107 lod\u00f3wk\u0119 od pr\u0105du i pozwoli\u0107 jej rozmrozi\u0107 si\u0119 na kilka godzin przed transportem, upewniaj\u0105c si\u0119, \u017ce wewn\u0105trz urz\u0105dzenia nie ma wilgoci.<\/p>\n\n\n\n<p>Aby chroni\u0107 p\u00f3\u0142ki i inne elementy wewn\u0119trzne, warto owin\u0105\u0107 je foli\u0105 b\u0105belkow\u0105, a na czas przewozu wn\u0119trze wype\u0142ni\u0107 gazetami. Drzwi lod\u00f3wki mo\u017cna zabezpieczy\u0107 ta\u015bm\u0105 klej\u0105c\u0105, a ca\u0142\u0105 obudow\u0119 owin\u0105\u0107 foli\u0105 stretch, aby zapobiec uszkodzeniom podczas transportu.<\/p>\n\n\n\n<h3 class=\"wp-block-heading\">Przew\u00f3z i zabezpieczenie lod\u00f3wki<\/h3>\n\n\n\n<p>Podczas samego transportu lod\u00f3wka powinna by\u0107 przewo\u017cona w pozycji pionowej. Jest to istotne, poniewa\u017c w \u015brodku urz\u0105dzenia, w rurkach i w\u0119\u017cykach, mo\u017ce znajdowa\u0107 si\u0119 resztkowa woda, kt\u00f3rej nie da si\u0119 ca\u0142kowicie usun\u0105\u0107. Po\u0142o\u017cenie lod\u00f3wki poziomo mo\u017ce spowodowa\u0107 zalanie podzespo\u0142\u00f3w olejem ze spr\u0119\u017carki lub wod\u0105, co mo\u017ce doprowadzi\u0107 do powa\u017cnych awarii. W instrukcji producenta mog\u0105 znajdowa\u0107 si\u0119 informacje, kt\u00f3re modele dopuszczaj\u0105 transport w pozycji poziomej, ale jest to rzadko spotykane.<\/p>\n\n\n\n<h3 class=\"wp-block-heading\">Dodatkowe wskaz\u00f3wki dotycz\u0105ce transportu:<\/h3>\n\n\n\n<ul class=\"wp-block-list\">\n<li>W samochodzie warto u\u017cy\u0107 pas\u00f3w lub lin transportowych do przymocowania lod\u00f3wki, aby nie przesuwa\u0142a si\u0119 w trakcie jazdy.<\/li>\n\n\n\n<li>Zabezpiecz kraw\u0119dzie i rogi urz\u0105dzenia, u\u017cywaj\u0105c styropianu lub innych materia\u0142\u00f3w ochronnych.<\/li>\n\n\n\n<li>Je\u015bli masz mo\u017cliwo\u015b\u0107, u\u017cyj w\u00f3zka transportowego, kt\u00f3ry u\u0142atwi przenoszenie lod\u00f3wki, szczeg\u00f3lnie przy wnoszeniu po schodach.<\/li>\n\n\n\n<li>Kabel zasilaj\u0105cy zwi\u0144 i zabezpiecz gumk\u0105 recepturk\u0105 lub foli\u0105, aby nie uszkodzi\u0142 si\u0119 podczas transportu.<\/li>\n<\/ul>\n\n\n\n<p>Pami\u0119taj\u0105c o tych kilku prostych zasadach, mo\u017cesz mie\u0107 pewno\u015b\u0107, \u017ce lod\u00f3wka dotrze do nowego miejsca w nienaruszonym stanie i b\u0119dzie gotowa do dalszego u\u017cytkowania.<\/p>\n\n\n\n<div class=\"wp-block-buttons is-layout-flex wp-block-buttons-is-layout-flex\">\n<div class=\"wp-block-button\"><a class=\"wp-block-button__link wp-element-button\" href=\"http:\/\/agdnaprawa.pl\">Powr\u00f3t na stron\u0119 g\u0142\u00f3wn\u0105<\/a><\/div>\n<\/div>\n\n\n\n<p><\/p>\n","protected":false},"excerpt":{"rendered":"<p>Przewo\u017cenie sprz\u0119t\u00f3w AGD, takich jak lod\u00f3wka, mo\u017ce by\u0107 wyzwaniem, ale czasem jest to nieuniknione \u2013 zar\u00f3wno przy przeprowadzce, jak i sprzeda\u017cy czy remoncie mieszkania. Aby lod\u00f3wka dotar\u0142a na miejsce w nienaruszonym stanie, warto pami\u0119ta\u0107 o kilku wa\u017cnych zasadach. Oto praktyczne wskaz\u00f3wki dotycz\u0105ce bezpiecznego transportu lod\u00f3wki. Nowa lod\u00f3wka \u2013 transport i przygotowanie Je\u015bli masz now\u0105 lod\u00f3wk\u0119,&#8230;<\/p>\n","protected":false},"author":1,"featured_media":0,"parent":0,"menu_order":0,"comment_status":"closed","ping_status":"closed","template":"","meta":{"footnotes":""},"class_list":["post-123","page","type-page","status-publish","hentry"],"_links":{"self":[{"href":"https:\/\/agdnaprawa.pl\/index.php\/wp-json\/wp\/v2\/pages\/123","targetHints":{"allow":["GET"]}}],"collection":[{"href":"https:\/\/agdnaprawa.pl\/index.php\/wp-json\/wp\/v2\/pages"}],"about":[{"href":"https:\/\/agdnaprawa.pl\/index.php\/wp-json\/wp\/v2\/types\/page"}],"author":[{"embeddable":true,"href":"https:\/\/agdnaprawa.pl\/index.php\/wp-json\/wp\/v2\/users\/1"}],"replies":[{"embeddable":true,"href":"https:\/\/agdnaprawa.pl\/index.php\/wp-json\/wp\/v2\/comments?post=123"}],"version-history":[{"count":1,"href":"https:\/\/agdnaprawa.pl\/index.php\/wp-json\/wp\/v2\/pages\/123\/revisions"}],"predecessor-version":[{"id":124,"href":"https:\/\/agdnaprawa.pl\/index.php\/wp-json\/wp\/v2\/pages\/123\/revisions\/124"}],"wp:attachment":[{"href":"https:\/\/agdnaprawa.pl\/index.php\/wp-json\/wp\/v2\/media?parent=123"}],"curies":[{"name":"wp","href":"https:\/\/api.w.org\/{rel}","templated":true}]}}